{"id":261,"date":"2023-01-17T20:01:21","date_gmt":"2023-01-17T20:01:21","guid":{"rendered":"https:\/\/192.168.0.72\/?page_id=261"},"modified":"2025-01-12T10:32:13","modified_gmt":"2025-01-12T10:32:13","slug":"wasserarbeit","status":"publish","type":"page","link":"https:\/\/www.wasserarbeitsgruppe-westerwald.de\/index.php\/wasserarbeit\/","title":{"rendered":"Wasserarbeit"},"content":{"rendered":"\n<div class=\"wp-block-cover is-light has-custom-content-position is-position-bottom-center\" style=\"min-height:300px;aspect-ratio:unset;\"><span aria-hidden=\"true\" class=\"wp-block-cover__background has-background-dim-0 has-background-dim\"><\/span><img fetchpriority=\"high\" decoding=\"async\" width=\"750\" height=\"563\" class=\"wp-block-cover__image-background wp-image-18\" alt=\"\" src=\"https:\/\/www.wasserarbeitsgruppe-westerwald.de\/wp-content\/uploads\/2022\/12\/4106.jpg\" data-object-fit=\"cover\" srcset=\"https:\/\/www.wasserarbeitsgruppe-westerwald.de\/wp-content\/uploads\/2022\/12\/4106.jpg 750w, https:\/\/www.wasserarbeitsgruppe-westerwald.de\/wp-content\/uploads\/2022\/12\/4106-300x225.jpg 300w\" sizes=\"(max-width: 750px) 100vw, 750px\" \/><div class=\"wp-block-cover__inner-container is-layout-flow wp-block-cover-is-layout-flow\">\n<p class=\"has-text-align-center has-large-font-size\">Warum Wasserarbeit?<\/p>\n<\/div><\/div>\n\n\n\n<div style=\"height:50px\" aria-hidden=\"true\" class=\"wp-block-spacer\"><\/div>\n\n\n\n<p><strong>Weil es den genetischen Anlagen entspricht\u2026<\/strong><br><br>Als Helfer der Fischer auf der kargen Insel Neufundlands entwickelte sich ein Hundetypus, der sich sowohl k\u00f6rperlich als auch mental auf die eigenst\u00e4ndige Arbeit im Wasser bei rauem Klima spezialisierte. Diesen Anlagen wird au\u00dfer der Wasserarbeit keine andere Sportart gerecht. \u00fcr die Neufundl\u00e4nder und ihre Verwandten ist die Wasserarbeit ebenso artgerechte Besch\u00e4ftigung und richtungsweisend f\u00fcr die Zucht betreffend der Erhaltung urspr\u00fcnglicher Anlagen, wie es z.B. das Herding f\u00fcr die H\u00fctehunde oder das Coursing f\u00fcr die Windhunde ist. Der Deutsche Neufundl\u00e4nder Klub hat die F\u00f6rderung der Wasserarbeit in die Satzung aufgenommen und war so die letzten Jahrzehnte ma\u00dfgeblich an der Entwicklung der Wasserarbeit in Deutschland beteiligt.<br><br>Die Wasserarbeit im Ausland zeigt, dass diese Hundesportart aber auch andere Rassen anspricht. So sind h\u00e4ufig auch die Leistungen von Labrador und Retriever in dieser Sportart bei Pr\u00fcfungen zu bewundern. <br><br><strong>Weil Rahmenbedingungen es erfordern&#8230; <\/strong><br><br>Seit rund 100 Jahren wird Wasserarbeit in Deutschland betrieben. Aber es fehlten Organisation und Struktur. Die Wasserarbeit stand in Abh\u00e4ngigkeit vom Engagement Einzelner. Fehlte das Engagement &#8211; waren Wissen und Erfahrung verloren und musste nach zeitlichen Unterbrechungen wieder m\u00fchsam neu aufgebaut werden. In den letzten 15 Jahren wurde in den Vereinen kontinuierlich Aufbauarbeit betrieben. Leistungsm\u00e4\u00dfig hat sich die Wasserarbeit an den Leistungsstand im benachbarten Ausland herangearbeitet. Jetzt gilt es die kontinuierliche Entwicklung und den Leistungsstand zu bewahren und weiter aufzubauen. Hierzu sind professionelle Strukturen und Organisation \u2013 wie der DVG sie bietet &#8211; gefordert.<br><strong><br>Weil es der Trend der Zeit verlangt\u2026<\/strong><br><br>In unserer modernen Zeit wird der Hund mehr und mehr ins Familienleben eingebunden &#8211; und umgekehrt. Das Bed\u00fcrfnis, die Freizeit mit dem Partner Hund zu gestalten, w\u00e4chst.<br><br>Quelle: DVG<\/p>\n\n\n\n<div class=\"wp-block-buttons is-layout-flex wp-block-buttons-is-layout-flex\">\n<div class=\"wp-block-button\"><a class=\"wp-block-button__link wp-element-button\" href=\"https:\/\/www.dvg-hundesport.de\/home\/sportarten\/wasserarbeit.182.de.html\" target=\"_blank\" rel=\"noreferrer noopener\">Mehr zu diesem Thema&#8230;<\/a><\/div>\n<\/div>\n\n\n\n<div style=\"height:40px\" aria-hidden=\"true\" class=\"wp-block-spacer\"><\/div>\n","protected":false},"excerpt":{"rendered":"<p>Weil es den genetischen Anlagen entspricht\u2026 Als Helfer der Fischer auf der kargen Insel Neufundlands entwickelte sich ein Hundetypus, der sich sowohl k\u00f6rperlich als auch mental auf die eigenst\u00e4ndige Arbeit im Wasser bei rauem Klima spezialisierte. Diesen Anlagen wird au\u00dfer der Wasserarbeit keine andere Sportart gerecht. \u00fcr die Neufundl\u00e4nder und ihre Verwandten ist die Wasserarbeit [&hellip;]<\/p>\n","protected":false},"author":1,"featured_media":0,"parent":0,"menu_order":0,"comment_status":"closed","ping_status":"closed","template":"","meta":{"site-sidebar-layout":"default","site-content-layout":"","ast-site-content-layout":"default","site-content-style":"default","site-sidebar-style":"default","ast-global-header-display":"","ast-banner-title-visibility":"","ast-main-header-display":"","ast-hfb-above-header-display":"","ast-hfb-below-header-display":"","ast-hfb-mobile-header-display":"","site-post-title":"disabled","ast-breadcrumbs-content":"","ast-featured-img":"","footer-sml-layout":"","ast-disable-related-posts":"","theme-transparent-header-meta":"","adv-header-id-meta":"","stick-header-meta":"","header-above-stick-meta":"","header-main-stick-meta":"","header-below-stick-meta":"","astra-migrate-meta-layouts":"default","ast-page-background-enabled":"default","ast-page-background-meta":{"desktop":{"background-color":"var(--ast-global-color-4)","background-image":"","background-repeat":"repeat","background-position":"center center","background-size":"auto","background-attachment":"scroll","background-type":"","background-media":"","overlay-type":"","overlay-color":"","overlay-opacity":"","overlay-gradient":""},"tablet":{"background-color":"","background-image":"","background-repeat":"repeat","background-position":"center center","background-size":"auto","background-attachment":"scroll","background-type":"","background-media":"","overlay-type":"","overlay-color":"","overlay-opacity":"","overlay-gradient":""},"mobile":{"background-color":"","background-image":"","background-repeat":"repeat","background-position":"center center","background-size":"auto","background-attachment":"scroll","background-type":"","background-media":"","overlay-type":"","overlay-color":"","overlay-opacity":"","overlay-gradient":""}},"ast-content-background-meta":{"desktop":{"background-color":"var(--ast-global-color-5)","background-image":"","background-repeat":"repeat","background-position":"center center","background-size":"auto","background-attachment":"scroll","background-type":"","background-media":"","overlay-type":"","overlay-color":"","overlay-opacity":"","overlay-gradient":""},"tablet":{"background-color":"var(--ast-global-color-5)","background-image":"","background-repeat":"repeat","background-position":"center center","background-size":"auto","background-attachment":"scroll","background-type":"","background-media":"","overlay-type":"","overlay-color":"","overlay-opacity":"","overlay-gradient":""},"mobile":{"background-color":"var(--ast-global-color-5)","background-image":"","background-repeat":"repeat","background-position":"center center","background-size":"auto","background-attachment":"scroll","background-type":"","background-media":"","overlay-type":"","overlay-color":"","overlay-opacity":"","overlay-gradient":""}},"_themeisle_gutenberg_block_has_review":false,"footnotes":""},"class_list":["post-261","page","type-page","status-publish","hentry"],"_links":{"self":[{"href":"https:\/\/www.wasserarbeitsgruppe-westerwald.de\/index.php\/wp-json\/wp\/v2\/pages\/261","targetHints":{"allow":["GET"]}}],"collection":[{"href":"https:\/\/www.wasserarbeitsgruppe-westerwald.de\/index.php\/wp-json\/wp\/v2\/pages"}],"about":[{"href":"https:\/\/www.wasserarbeitsgruppe-westerwald.de\/index.php\/wp-json\/wp\/v2\/types\/page"}],"author":[{"embeddable":true,"href":"https:\/\/www.wasserarbeitsgruppe-westerwald.de\/index.php\/wp-json\/wp\/v2\/users\/1"}],"replies":[{"embeddable":true,"href":"https:\/\/www.wasserarbeitsgruppe-westerwald.de\/index.php\/wp-json\/wp\/v2\/comments?post=261"}],"version-history":[{"count":8,"href":"https:\/\/www.wasserarbeitsgruppe-westerwald.de\/index.php\/wp-json\/wp\/v2\/pages\/261\/revisions"}],"predecessor-version":[{"id":437,"href":"https:\/\/www.wasserarbeitsgruppe-westerwald.de\/index.php\/wp-json\/wp\/v2\/pages\/261\/revisions\/437"}],"wp:attachment":[{"href":"https:\/\/www.wasserarbeitsgruppe-westerwald.de\/index.php\/wp-json\/wp\/v2\/media?parent=261"}],"curies":[{"name":"wp","href":"https:\/\/api.w.org\/{rel}","templated":true}]}}