{"id":500,"date":"2023-05-14T09:16:50","date_gmt":"2023-05-14T09:16:50","guid":{"rendered":"https:\/\/www.wasserarbeitsgruppe-westerwald.de\/?page_id=500"},"modified":"2025-01-12T10:32:06","modified_gmt":"2025-01-12T10:32:06","slug":"veranstaltungen-2023","status":"publish","type":"page","link":"https:\/\/www.wasserarbeitsgruppe-westerwald.de\/index.php\/veranstaltungen-2023\/","title":{"rendered":"Veranstaltungen 2023"},"content":{"rendered":"\n<h4 class=\"wp-block-heading\">Jubil\u00e4umswochenende 20 Jahre NWAG WW e.V.<\/h4>\n\n\n\n<p style=\"font-size:15px\">Wir blicken zur\u00fcck\u2026<br><br>Ein Jubil\u00e4umswochenende, das zum Jubeln einl\u00e4dt. Zwei Pr\u00fcfungen an einem geschichtstr\u00e4chtigem Gew\u00e4sser!<br>2003 &#8211; Die NWAG\/WW wird gegr\u00fcndet.<br>2006 &#8211; Die erste deutsche Wasserarbeitspr\u00fcfung am Seeweiher in Mengerskirchen.<br>2023 &#8211; Die Landesmeisterschaft Rheinland-Pfalz\/Hessen und der Westerwald-Cup, ebenfalls in Mengerskirchen.<br>Die Freude, an diesem wundersch\u00f6nen Gew\u00e4sser stehen zu d\u00fcrfen war riesig und \u00fcberall Geschichte zu sp\u00fcren!<br><br>Alle Teams zeigten hervorragende Leistungen an beiden Tagen und der Spa\u00df an der Wasserarbeit stand an erster Stelle. Nat\u00fcrlich kam der Spa\u00df und die Freude am geselligen Zusammensein nicht zu kurz, so dass es ein tolles Wochenende unter Freunden war.<br><br>Wir danken allen Helfern, Teilnehmern und nat\u00fcrlich dem Richter G\u00fcnter Hanu\u00dfek, f\u00fcr eine gro\u00dfartige und faire Bewertung aller Teams.<\/p>\n\n\n\n<figure class=\"wp-block-gallery has-nested-images columns-default is-cropped wp-block-gallery-1 is-layout-flex wp-block-gallery-is-layout-flex\">\n<figure class=\"wp-block-image size-large\"><img fetchpriority=\"high\" decoding=\"async\" width=\"1024\" height=\"683\" data-id=\"541\" src=\"https:\/\/www.wasserarbeitsgruppe-westerwald.de\/wp-content\/uploads\/2023\/06\/2E8A3467-1024x683.jpg\" alt=\"\" class=\"wp-image-541\" srcset=\"https:\/\/www.wasserarbeitsgruppe-westerwald.de\/wp-content\/uploads\/2023\/06\/2E8A3467-1024x683.jpg 1024w, https:\/\/www.wasserarbeitsgruppe-westerwald.de\/wp-content\/uploads\/2023\/06\/2E8A3467-300x200.jpg 300w, https:\/\/www.wasserarbeitsgruppe-westerwald.de\/wp-content\/uploads\/2023\/06\/2E8A3467-768x512.jpg 768w, https:\/\/www.wasserarbeitsgruppe-westerwald.de\/wp-content\/uploads\/2023\/06\/2E8A3467-1536x1024.jpg 1536w, https:\/\/www.wasserarbeitsgruppe-westerwald.de\/wp-content\/uploads\/2023\/06\/2E8A3467-2048x1365.jpg 2048w\" sizes=\"(max-width: 1024px) 100vw, 1024px\" \/><\/figure>\n\n\n\n<figure class=\"wp-block-image size-large\"><img decoding=\"async\" width=\"1024\" height=\"683\" data-id=\"539\" src=\"https:\/\/www.wasserarbeitsgruppe-westerwald.de\/wp-content\/uploads\/2023\/06\/2E8A3352-1024x683.jpg\" alt=\"\" class=\"wp-image-539\" srcset=\"https:\/\/www.wasserarbeitsgruppe-westerwald.de\/wp-content\/uploads\/2023\/06\/2E8A3352-1024x683.jpg 1024w, https:\/\/www.wasserarbeitsgruppe-westerwald.de\/wp-content\/uploads\/2023\/06\/2E8A3352-300x200.jpg 300w, https:\/\/www.wasserarbeitsgruppe-westerwald.de\/wp-content\/uploads\/2023\/06\/2E8A3352-768x512.jpg 768w, https:\/\/www.wasserarbeitsgruppe-westerwald.de\/wp-content\/uploads\/2023\/06\/2E8A3352-1536x1024.jpg 1536w, https:\/\/www.wasserarbeitsgruppe-westerwald.de\/wp-content\/uploads\/2023\/06\/2E8A3352-2048x1365.jpg 2048w\" sizes=\"(max-width: 1024px) 100vw, 1024px\" \/><\/figure>\n\n\n\n<figure class=\"wp-block-image size-large\"><img decoding=\"async\" width=\"1024\" height=\"683\" data-id=\"542\" src=\"https:\/\/www.wasserarbeitsgruppe-westerwald.de\/wp-content\/uploads\/2023\/06\/2E8A3566-1024x683.jpg\" alt=\"\" class=\"wp-image-542\" srcset=\"https:\/\/www.wasserarbeitsgruppe-westerwald.de\/wp-content\/uploads\/2023\/06\/2E8A3566-1024x683.jpg 1024w, https:\/\/www.wasserarbeitsgruppe-westerwald.de\/wp-content\/uploads\/2023\/06\/2E8A3566-300x200.jpg 300w, https:\/\/www.wasserarbeitsgruppe-westerwald.de\/wp-content\/uploads\/2023\/06\/2E8A3566-768x512.jpg 768w, https:\/\/www.wasserarbeitsgruppe-westerwald.de\/wp-content\/uploads\/2023\/06\/2E8A3566-1536x1024.jpg 1536w, https:\/\/www.wasserarbeitsgruppe-westerwald.de\/wp-content\/uploads\/2023\/06\/2E8A3566-2048x1365.jpg 2048w\" sizes=\"(max-width: 1024px) 100vw, 1024px\" \/><\/figure>\n\n\n\n<figure class=\"wp-block-image size-large\"><img loading=\"lazy\" decoding=\"async\" width=\"1024\" height=\"683\" data-id=\"540\" src=\"https:\/\/www.wasserarbeitsgruppe-westerwald.de\/wp-content\/uploads\/2023\/06\/2E8A3434-1024x683.jpg\" alt=\"\" class=\"wp-image-540\" srcset=\"https:\/\/www.wasserarbeitsgruppe-westerwald.de\/wp-content\/uploads\/2023\/06\/2E8A3434-1024x683.jpg 1024w, https:\/\/www.wasserarbeitsgruppe-westerwald.de\/wp-content\/uploads\/2023\/06\/2E8A3434-300x200.jpg 300w, https:\/\/www.wasserarbeitsgruppe-westerwald.de\/wp-content\/uploads\/2023\/06\/2E8A3434-768x512.jpg 768w, https:\/\/www.wasserarbeitsgruppe-westerwald.de\/wp-content\/uploads\/2023\/06\/2E8A3434-1536x1024.jpg 1536w, https:\/\/www.wasserarbeitsgruppe-westerwald.de\/wp-content\/uploads\/2023\/06\/2E8A3434-2048x1365.jpg 2048w\" sizes=\"(max-width: 1024px) 100vw, 1024px\" \/><\/figure>\n\n\n\n<figure class=\"wp-block-image size-large\"><img loading=\"lazy\" decoding=\"async\" width=\"1024\" height=\"683\" data-id=\"546\" src=\"https:\/\/www.wasserarbeitsgruppe-westerwald.de\/wp-content\/uploads\/2023\/06\/2E8A3829-1024x683.jpg\" alt=\"\" class=\"wp-image-546\" srcset=\"https:\/\/www.wasserarbeitsgruppe-westerwald.de\/wp-content\/uploads\/2023\/06\/2E8A3829-1024x683.jpg 1024w, https:\/\/www.wasserarbeitsgruppe-westerwald.de\/wp-content\/uploads\/2023\/06\/2E8A3829-300x200.jpg 300w, https:\/\/www.wasserarbeitsgruppe-westerwald.de\/wp-content\/uploads\/2023\/06\/2E8A3829-768x512.jpg 768w, https:\/\/www.wasserarbeitsgruppe-westerwald.de\/wp-content\/uploads\/2023\/06\/2E8A3829-1536x1024.jpg 1536w, https:\/\/www.wasserarbeitsgruppe-westerwald.de\/wp-content\/uploads\/2023\/06\/2E8A3829-2048x1365.jpg 2048w\" sizes=\"(max-width: 1024px) 100vw, 1024px\" \/><\/figure>\n\n\n\n<figure class=\"wp-block-image size-large\"><img loading=\"lazy\" decoding=\"async\" width=\"1024\" height=\"683\" data-id=\"545\" src=\"https:\/\/www.wasserarbeitsgruppe-westerwald.de\/wp-content\/uploads\/2023\/06\/2E8A3809-1024x683.jpg\" alt=\"\" class=\"wp-image-545\" srcset=\"https:\/\/www.wasserarbeitsgruppe-westerwald.de\/wp-content\/uploads\/2023\/06\/2E8A3809-1024x683.jpg 1024w, https:\/\/www.wasserarbeitsgruppe-westerwald.de\/wp-content\/uploads\/2023\/06\/2E8A3809-300x200.jpg 300w, https:\/\/www.wasserarbeitsgruppe-westerwald.de\/wp-content\/uploads\/2023\/06\/2E8A3809-768x512.jpg 768w, https:\/\/www.wasserarbeitsgruppe-westerwald.de\/wp-content\/uploads\/2023\/06\/2E8A3809-1536x1024.jpg 1536w, https:\/\/www.wasserarbeitsgruppe-westerwald.de\/wp-content\/uploads\/2023\/06\/2E8A3809-2048x1365.jpg 2048w\" sizes=\"(max-width: 1024px) 100vw, 1024px\" \/><\/figure>\n\n\n\n<figure class=\"wp-block-image size-large\"><img loading=\"lazy\" decoding=\"async\" width=\"1024\" height=\"683\" data-id=\"547\" src=\"https:\/\/www.wasserarbeitsgruppe-westerwald.de\/wp-content\/uploads\/2023\/06\/2E8A3851-1024x683.jpg\" alt=\"\" class=\"wp-image-547\" srcset=\"https:\/\/www.wasserarbeitsgruppe-westerwald.de\/wp-content\/uploads\/2023\/06\/2E8A3851-1024x683.jpg 1024w, https:\/\/www.wasserarbeitsgruppe-westerwald.de\/wp-content\/uploads\/2023\/06\/2E8A3851-300x200.jpg 300w, https:\/\/www.wasserarbeitsgruppe-westerwald.de\/wp-content\/uploads\/2023\/06\/2E8A3851-768x512.jpg 768w, https:\/\/www.wasserarbeitsgruppe-westerwald.de\/wp-content\/uploads\/2023\/06\/2E8A3851-1536x1024.jpg 1536w, https:\/\/www.wasserarbeitsgruppe-westerwald.de\/wp-content\/uploads\/2023\/06\/2E8A3851-2048x1365.jpg 2048w\" sizes=\"(max-width: 1024px) 100vw, 1024px\" \/><\/figure>\n\n\n\n<figure class=\"wp-block-image size-large\"><img loading=\"lazy\" decoding=\"async\" width=\"1024\" height=\"683\" data-id=\"548\" src=\"https:\/\/www.wasserarbeitsgruppe-westerwald.de\/wp-content\/uploads\/2023\/06\/2E8A3882-1024x683.jpg\" alt=\"\" class=\"wp-image-548\" srcset=\"https:\/\/www.wasserarbeitsgruppe-westerwald.de\/wp-content\/uploads\/2023\/06\/2E8A3882-1024x683.jpg 1024w, https:\/\/www.wasserarbeitsgruppe-westerwald.de\/wp-content\/uploads\/2023\/06\/2E8A3882-300x200.jpg 300w, https:\/\/www.wasserarbeitsgruppe-westerwald.de\/wp-content\/uploads\/2023\/06\/2E8A3882-768x512.jpg 768w, https:\/\/www.wasserarbeitsgruppe-westerwald.de\/wp-content\/uploads\/2023\/06\/2E8A3882-1536x1024.jpg 1536w, https:\/\/www.wasserarbeitsgruppe-westerwald.de\/wp-content\/uploads\/2023\/06\/2E8A3882-2048x1365.jpg 2048w\" sizes=\"(max-width: 1024px) 100vw, 1024px\" \/><\/figure>\n\n\n\n<figure class=\"wp-block-image size-large\"><img loading=\"lazy\" decoding=\"async\" width=\"1024\" height=\"575\" data-id=\"544\" src=\"https:\/\/www.wasserarbeitsgruppe-westerwald.de\/wp-content\/uploads\/2023\/06\/2E8A3798-1024x575.jpg\" alt=\"\" class=\"wp-image-544\" srcset=\"https:\/\/www.wasserarbeitsgruppe-westerwald.de\/wp-content\/uploads\/2023\/06\/2E8A3798-1024x575.jpg 1024w, https:\/\/www.wasserarbeitsgruppe-westerwald.de\/wp-content\/uploads\/2023\/06\/2E8A3798-300x169.jpg 300w, https:\/\/www.wasserarbeitsgruppe-westerwald.de\/wp-content\/uploads\/2023\/06\/2E8A3798-768x431.jpg 768w, https:\/\/www.wasserarbeitsgruppe-westerwald.de\/wp-content\/uploads\/2023\/06\/2E8A3798-1536x863.jpg 1536w, https:\/\/www.wasserarbeitsgruppe-westerwald.de\/wp-content\/uploads\/2023\/06\/2E8A3798-2048x1150.jpg 2048w\" sizes=\"(max-width: 1024px) 100vw, 1024px\" \/><\/figure>\n\n\n\n<figure class=\"wp-block-image size-large\"><img loading=\"lazy\" decoding=\"async\" width=\"1024\" height=\"683\" data-id=\"543\" src=\"https:\/\/www.wasserarbeitsgruppe-westerwald.de\/wp-content\/uploads\/2023\/06\/2E8A3789-1024x683.jpg\" alt=\"\" class=\"wp-image-543\" srcset=\"https:\/\/www.wasserarbeitsgruppe-westerwald.de\/wp-content\/uploads\/2023\/06\/2E8A3789-1024x683.jpg 1024w, https:\/\/www.wasserarbeitsgruppe-westerwald.de\/wp-content\/uploads\/2023\/06\/2E8A3789-300x200.jpg 300w, https:\/\/www.wasserarbeitsgruppe-westerwald.de\/wp-content\/uploads\/2023\/06\/2E8A3789-768x512.jpg 768w, https:\/\/www.wasserarbeitsgruppe-westerwald.de\/wp-content\/uploads\/2023\/06\/2E8A3789-1536x1024.jpg 1536w, https:\/\/www.wasserarbeitsgruppe-westerwald.de\/wp-content\/uploads\/2023\/06\/2E8A3789-2048x1365.jpg 2048w\" sizes=\"(max-width: 1024px) 100vw, 1024px\" \/><\/figure>\n\n\n\n<figure class=\"wp-block-image size-large\"><img loading=\"lazy\" decoding=\"async\" width=\"1024\" height=\"683\" data-id=\"553\" src=\"https:\/\/www.wasserarbeitsgruppe-westerwald.de\/wp-content\/uploads\/2023\/06\/2E8A4044-1024x683.jpg\" alt=\"\" class=\"wp-image-553\" srcset=\"https:\/\/www.wasserarbeitsgruppe-westerwald.de\/wp-content\/uploads\/2023\/06\/2E8A4044-1024x683.jpg 1024w, https:\/\/www.wasserarbeitsgruppe-westerwald.de\/wp-content\/uploads\/2023\/06\/2E8A4044-300x200.jpg 300w, https:\/\/www.wasserarbeitsgruppe-westerwald.de\/wp-content\/uploads\/2023\/06\/2E8A4044-768x512.jpg 768w, https:\/\/www.wasserarbeitsgruppe-westerwald.de\/wp-content\/uploads\/2023\/06\/2E8A4044-1536x1024.jpg 1536w, https:\/\/www.wasserarbeitsgruppe-westerwald.de\/wp-content\/uploads\/2023\/06\/2E8A4044-2048x1365.jpg 2048w\" sizes=\"(max-width: 1024px) 100vw, 1024px\" \/><\/figure>\n\n\n\n<figure class=\"wp-block-image size-large\"><img loading=\"lazy\" decoding=\"async\" width=\"1024\" height=\"683\" data-id=\"554\" src=\"https:\/\/www.wasserarbeitsgruppe-westerwald.de\/wp-content\/uploads\/2023\/06\/2E8A4055-1024x683.jpg\" alt=\"\" class=\"wp-image-554\" srcset=\"https:\/\/www.wasserarbeitsgruppe-westerwald.de\/wp-content\/uploads\/2023\/06\/2E8A4055-1024x683.jpg 1024w, https:\/\/www.wasserarbeitsgruppe-westerwald.de\/wp-content\/uploads\/2023\/06\/2E8A4055-300x200.jpg 300w, https:\/\/www.wasserarbeitsgruppe-westerwald.de\/wp-content\/uploads\/2023\/06\/2E8A4055-768x512.jpg 768w, https:\/\/www.wasserarbeitsgruppe-westerwald.de\/wp-content\/uploads\/2023\/06\/2E8A4055-1536x1024.jpg 1536w, https:\/\/www.wasserarbeitsgruppe-westerwald.de\/wp-content\/uploads\/2023\/06\/2E8A4055-2048x1365.jpg 2048w\" sizes=\"(max-width: 1024px) 100vw, 1024px\" \/><\/figure>\n\n\n\n<figure class=\"wp-block-image size-large\"><img loading=\"lazy\" decoding=\"async\" width=\"1024\" height=\"683\" data-id=\"551\" src=\"https:\/\/www.wasserarbeitsgruppe-westerwald.de\/wp-content\/uploads\/2023\/06\/2E8A4007-1024x683.jpg\" alt=\"\" class=\"wp-image-551\" srcset=\"https:\/\/www.wasserarbeitsgruppe-westerwald.de\/wp-content\/uploads\/2023\/06\/2E8A4007-1024x683.jpg 1024w, https:\/\/www.wasserarbeitsgruppe-westerwald.de\/wp-content\/uploads\/2023\/06\/2E8A4007-300x200.jpg 300w, https:\/\/www.wasserarbeitsgruppe-westerwald.de\/wp-content\/uploads\/2023\/06\/2E8A4007-768x512.jpg 768w, https:\/\/www.wasserarbeitsgruppe-westerwald.de\/wp-content\/uploads\/2023\/06\/2E8A4007-1536x1024.jpg 1536w, https:\/\/www.wasserarbeitsgruppe-westerwald.de\/wp-content\/uploads\/2023\/06\/2E8A4007-2048x1365.jpg 2048w\" sizes=\"(max-width: 1024px) 100vw, 1024px\" \/><\/figure>\n\n\n\n<figure class=\"wp-block-image size-large\"><img loading=\"lazy\" decoding=\"async\" width=\"1024\" height=\"683\" data-id=\"552\" src=\"https:\/\/www.wasserarbeitsgruppe-westerwald.de\/wp-content\/uploads\/2023\/06\/2E8A4022-1024x683.jpg\" alt=\"\" class=\"wp-image-552\" srcset=\"https:\/\/www.wasserarbeitsgruppe-westerwald.de\/wp-content\/uploads\/2023\/06\/2E8A4022-1024x683.jpg 1024w, https:\/\/www.wasserarbeitsgruppe-westerwald.de\/wp-content\/uploads\/2023\/06\/2E8A4022-300x200.jpg 300w, https:\/\/www.wasserarbeitsgruppe-westerwald.de\/wp-content\/uploads\/2023\/06\/2E8A4022-768x512.jpg 768w, https:\/\/www.wasserarbeitsgruppe-westerwald.de\/wp-content\/uploads\/2023\/06\/2E8A4022-1536x1024.jpg 1536w, https:\/\/www.wasserarbeitsgruppe-westerwald.de\/wp-content\/uploads\/2023\/06\/2E8A4022-2048x1365.jpg 2048w\" sizes=\"(max-width: 1024px) 100vw, 1024px\" \/><\/figure>\n\n\n\n<figure class=\"wp-block-image size-large\"><img loading=\"lazy\" decoding=\"async\" width=\"1024\" height=\"683\" data-id=\"550\" src=\"https:\/\/www.wasserarbeitsgruppe-westerwald.de\/wp-content\/uploads\/2023\/06\/2E8A3986-1024x683.jpg\" alt=\"\" class=\"wp-image-550\" srcset=\"https:\/\/www.wasserarbeitsgruppe-westerwald.de\/wp-content\/uploads\/2023\/06\/2E8A3986-1024x683.jpg 1024w, https:\/\/www.wasserarbeitsgruppe-westerwald.de\/wp-content\/uploads\/2023\/06\/2E8A3986-300x200.jpg 300w, https:\/\/www.wasserarbeitsgruppe-westerwald.de\/wp-content\/uploads\/2023\/06\/2E8A3986-768x512.jpg 768w, https:\/\/www.wasserarbeitsgruppe-westerwald.de\/wp-content\/uploads\/2023\/06\/2E8A3986-1536x1024.jpg 1536w, https:\/\/www.wasserarbeitsgruppe-westerwald.de\/wp-content\/uploads\/2023\/06\/2E8A3986-2048x1365.jpg 2048w\" sizes=\"(max-width: 1024px) 100vw, 1024px\" \/><\/figure>\n\n\n\n<figure class=\"wp-block-image size-large\"><img loading=\"lazy\" decoding=\"async\" width=\"1024\" height=\"683\" data-id=\"549\" src=\"https:\/\/www.wasserarbeitsgruppe-westerwald.de\/wp-content\/uploads\/2023\/06\/2E8A3956-1024x683.jpg\" alt=\"\" class=\"wp-image-549\" srcset=\"https:\/\/www.wasserarbeitsgruppe-westerwald.de\/wp-content\/uploads\/2023\/06\/2E8A3956-1024x683.jpg 1024w, https:\/\/www.wasserarbeitsgruppe-westerwald.de\/wp-content\/uploads\/2023\/06\/2E8A3956-300x200.jpg 300w, https:\/\/www.wasserarbeitsgruppe-westerwald.de\/wp-content\/uploads\/2023\/06\/2E8A3956-768x512.jpg 768w, https:\/\/www.wasserarbeitsgruppe-westerwald.de\/wp-content\/uploads\/2023\/06\/2E8A3956-1536x1024.jpg 1536w, https:\/\/www.wasserarbeitsgruppe-westerwald.de\/wp-content\/uploads\/2023\/06\/2E8A3956-2048x1365.jpg 2048w\" sizes=\"(max-width: 1024px) 100vw, 1024px\" \/><\/figure>\n\n\n\n<figure class=\"wp-block-image size-large\"><img loading=\"lazy\" decoding=\"async\" width=\"1024\" height=\"683\" data-id=\"555\" src=\"https:\/\/www.wasserarbeitsgruppe-westerwald.de\/wp-content\/uploads\/2023\/06\/2E8A4101-1024x683.jpg\" alt=\"\" class=\"wp-image-555\" srcset=\"https:\/\/www.wasserarbeitsgruppe-westerwald.de\/wp-content\/uploads\/2023\/06\/2E8A4101-1024x683.jpg 1024w, https:\/\/www.wasserarbeitsgruppe-westerwald.de\/wp-content\/uploads\/2023\/06\/2E8A4101-300x200.jpg 300w, https:\/\/www.wasserarbeitsgruppe-westerwald.de\/wp-content\/uploads\/2023\/06\/2E8A4101-768x512.jpg 768w, https:\/\/www.wasserarbeitsgruppe-westerwald.de\/wp-content\/uploads\/2023\/06\/2E8A4101-1536x1024.jpg 1536w, https:\/\/www.wasserarbeitsgruppe-westerwald.de\/wp-content\/uploads\/2023\/06\/2E8A4101-2048x1365.jpg 2048w\" sizes=\"(max-width: 1024px) 100vw, 1024px\" \/><\/figure>\n\n\n\n<figure class=\"wp-block-image size-large\"><img loading=\"lazy\" decoding=\"async\" width=\"1024\" height=\"1024\" data-id=\"556\" src=\"https:\/\/www.wasserarbeitsgruppe-westerwald.de\/wp-content\/uploads\/2023\/06\/2E8A4171-1024x1024.jpg\" alt=\"\" class=\"wp-image-556\" srcset=\"https:\/\/www.wasserarbeitsgruppe-westerwald.de\/wp-content\/uploads\/2023\/06\/2E8A4171-1024x1024.jpg 1024w, https:\/\/www.wasserarbeitsgruppe-westerwald.de\/wp-content\/uploads\/2023\/06\/2E8A4171-300x300.jpg 300w, https:\/\/www.wasserarbeitsgruppe-westerwald.de\/wp-content\/uploads\/2023\/06\/2E8A4171-150x150.jpg 150w, https:\/\/www.wasserarbeitsgruppe-westerwald.de\/wp-content\/uploads\/2023\/06\/2E8A4171-768x768.jpg 768w, https:\/\/www.wasserarbeitsgruppe-westerwald.de\/wp-content\/uploads\/2023\/06\/2E8A4171-1536x1536.jpg 1536w, https:\/\/www.wasserarbeitsgruppe-westerwald.de\/wp-content\/uploads\/2023\/06\/2E8A4171-2048x2048.jpg 2048w\" sizes=\"(max-width: 1024px) 100vw, 1024px\" \/><\/figure>\n\n\n\n<figure class=\"wp-block-image size-large\"><img loading=\"lazy\" decoding=\"async\" width=\"1024\" height=\"683\" data-id=\"538\" src=\"https:\/\/www.wasserarbeitsgruppe-westerwald.de\/wp-content\/uploads\/2023\/06\/2E8A3555-1024x683.jpg\" alt=\"\" class=\"wp-image-538\" srcset=\"https:\/\/www.wasserarbeitsgruppe-westerwald.de\/wp-content\/uploads\/2023\/06\/2E8A3555-1024x683.jpg 1024w, https:\/\/www.wasserarbeitsgruppe-westerwald.de\/wp-content\/uploads\/2023\/06\/2E8A3555-300x200.jpg 300w, https:\/\/www.wasserarbeitsgruppe-westerwald.de\/wp-content\/uploads\/2023\/06\/2E8A3555-768x512.jpg 768w, https:\/\/www.wasserarbeitsgruppe-westerwald.de\/wp-content\/uploads\/2023\/06\/2E8A3555-1536x1024.jpg 1536w, https:\/\/www.wasserarbeitsgruppe-westerwald.de\/wp-content\/uploads\/2023\/06\/2E8A3555-2048x1365.jpg 2048w\" sizes=\"(max-width: 1024px) 100vw, 1024px\" \/><\/figure>\n<\/figure>\n\n\n\n<p style=\"font-size:15px\">Unsere Platzierungen vom Jubil\u00e4umswochenende<br> <br><b>Patricia Osimowitz mit Molly<\/b> <br>Landesmeister B-Diplom (163\/200 P.) \ud83e\udd47 <br>1. Platz Westerwald Cup (131\/200 P.)  \ud83e\udd47 <br><br><strong>Dennis L\u00f6cher mit Laika <\/strong> <br>Landesmeisterschaft C-Diplom 3. Platz (192.5\/250 P.) \ud83e\udd49 <br>2. Platz Westerwald Cup (239\/250 P.) \ud83e\udd48 <br><br><strong>Leonie Dresler mit Simba<\/strong><br>Landesmeister C-Diplom (248,5\/250 P.) \ud83e\udd47 <br>1. Platz Westerwald Cup C-Diplom  (244\/250 P.) \ud83e\udd47 <br><br><strong>Christian Behrendt mit Daisy <\/strong><br>Landesmeisterschaft B-Diplom 2. Platz (158\/200 P.) \ud83e\udd48 <br><strong><br>Inger-Anne Tangberg mit Giant <\/strong><br>Landesmeisterschaft B-Diplom 3. Platz  (146\/200 P.) \ud83e\udd49 <br><br>Herzliche Gl\u00fcckw\u00fcnsche an unsere Gewinnerteams. Wir sind stolz auf euch! \ud83e\udd70<br><\/p>\n\n\n\n<hr class=\"wp-block-separator has-alpha-channel-opacity is-style-wide\"\/>\n\n\n\n<h4 class=\"wp-block-heading\">Ostercamp 2023<\/h4>\n\n\n\n<div class=\"wp-block-media-text alignwide is-stacked-on-mobile\" style=\"padding-top:20px;padding-right:20px;padding-bottom:20px;padding-left:20px\"><figure class=\"wp-block-media-text__media\"><video controls src=\"https:\/\/www.wasserarbeitsgruppe-westerwald.de\/wp-content\/uploads\/2023\/05\/Ostercamp offiziell.mp4\"><\/video><\/figure><div class=\"wp-block-media-text__content\">\n<p style=\"font-size:15px\">Vom 01. April bis zum 10. April begann dieses Jahr f\u00fcr uns und viele Freunde die Wasserarbeitssaison. <br><br>Wasserarbeiter aus Deutschland und Luxemburg trafen sich in Mainhausen, um gemeinsam in die Saison zu starten. Dem teilweise nassen Wetter zum trotz warfen sich die Hundef\u00fchrer in ihre Neoprenanz\u00fcge und die Hunde ins Nass. Gemeinsam wurde trainiert, gelacht, Erfahrungen ausgetauscht und Freundschaften gekn\u00fcpft und vertieft.<br><br>Wir danken allen Helfern im und am Wasser und blicken in Bildern zur\u00fcck auf ein tolles Camp und eine sch\u00f6ne Zeit!<br><br>Eure NWAG WW<\/p>\n<\/div><\/div>\n","protected":false},"excerpt":{"rendered":"<p>Jubil\u00e4umswochenende 20 Jahre NWAG WW e.V. Wir blicken zur\u00fcck\u2026 Ein Jubil\u00e4umswochenende, das zum Jubeln einl\u00e4dt. Zwei Pr\u00fcfungen an einem geschichtstr\u00e4chtigem Gew\u00e4sser!2003 &#8211; Die NWAG\/WW wird gegr\u00fcndet.2006 &#8211; Die erste deutsche Wasserarbeitspr\u00fcfung am Seeweiher in Mengerskirchen.2023 &#8211; Die Landesmeisterschaft Rheinland-Pfalz\/Hessen und der Westerwald-Cup, ebenfalls in Mengerskirchen.Die Freude, an diesem wundersch\u00f6nen Gew\u00e4sser stehen zu d\u00fcrfen war riesig [&hellip;]<\/p>\n","protected":false},"author":1,"featured_media":0,"parent":0,"menu_order":0,"comment_status":"closed","ping_status":"closed","template":"","meta":{"site-sidebar-layout":"default","site-content-layout":"","ast-site-content-layout":"default","site-content-style":"default","site-sidebar-style":"default","ast-global-header-display":"","ast-banner-title-visibility":"","ast-main-header-display":"","ast-hfb-above-header-display":"","ast-hfb-below-header-display":"","ast-hfb-mobile-header-display":"","site-post-title":"","ast-breadcrumbs-content":"","ast-featured-img":"","footer-sml-layout":"","ast-disable-related-posts":"","theme-transparent-header-meta":"","adv-header-id-meta":"","stick-header-meta":"","header-above-stick-meta":"","header-main-stick-meta":"","header-below-stick-meta":"","astra-migrate-meta-layouts":"default","ast-page-background-enabled":"default","ast-page-background-meta":{"desktop":{"background-color":"var(--ast-global-color-4)","background-image":"","background-repeat":"repeat","background-position":"center center","background-size":"auto","background-attachment":"scroll","background-type":"","background-media":"","overlay-type":"","overlay-color":"","overlay-opacity":"","overlay-gradient":""},"tablet":{"background-color":"","background-image":"","background-repeat":"repeat","background-position":"center center","background-size":"auto","background-attachment":"scroll","background-type":"","background-media":"","overlay-type":"","overlay-color":"","overlay-opacity":"","overlay-gradient":""},"mobile":{"background-color":"","background-image":"","background-repeat":"repeat","background-position":"center center","background-size":"auto","background-attachment":"scroll","background-type":"","background-media":"","overlay-type":"","overlay-color":"","overlay-opacity":"","overlay-gradient":""}},"ast-content-background-meta":{"desktop":{"background-color":"var(--ast-global-color-5)","background-image":"","background-repeat":"repeat","background-position":"center center","background-size":"auto","background-attachment":"scroll","background-type":"","background-media":"","overlay-type":"","overlay-color":"","overlay-opacity":"","overlay-gradient":""},"tablet":{"background-color":"var(--ast-global-color-5)","background-image":"","background-repeat":"repeat","background-position":"center center","background-size":"auto","background-attachment":"scroll","background-type":"","background-media":"","overlay-type":"","overlay-color":"","overlay-opacity":"","overlay-gradient":""},"mobile":{"background-color":"var(--ast-global-color-5)","background-image":"","background-repeat":"repeat","background-position":"center center","background-size":"auto","background-attachment":"scroll","background-type":"","background-media":"","overlay-type":"","overlay-color":"","overlay-opacity":"","overlay-gradient":""}},"_themeisle_gutenberg_block_has_review":false,"footnotes":""},"class_list":["post-500","page","type-page","status-publish","hentry"],"_links":{"self":[{"href":"https:\/\/www.wasserarbeitsgruppe-westerwald.de\/index.php\/wp-json\/wp\/v2\/pages\/500","targetHints":{"allow":["GET"]}}],"collection":[{"href":"https:\/\/www.wasserarbeitsgruppe-westerwald.de\/index.php\/wp-json\/wp\/v2\/pages"}],"about":[{"href":"https:\/\/www.wasserarbeitsgruppe-westerwald.de\/index.php\/wp-json\/wp\/v2\/types\/page"}],"author":[{"embeddable":true,"href":"https:\/\/www.wasserarbeitsgruppe-westerwald.de\/index.php\/wp-json\/wp\/v2\/users\/1"}],"replies":[{"embeddable":true,"href":"https:\/\/www.wasserarbeitsgruppe-westerwald.de\/index.php\/wp-json\/wp\/v2\/comments?post=500"}],"version-history":[{"count":13,"href":"https:\/\/www.wasserarbeitsgruppe-westerwald.de\/index.php\/wp-json\/wp\/v2\/pages\/500\/revisions"}],"predecessor-version":[{"id":590,"href":"https:\/\/www.wasserarbeitsgruppe-westerwald.de\/index.php\/wp-json\/wp\/v2\/pages\/500\/revisions\/590"}],"wp:attachment":[{"href":"https:\/\/www.wasserarbeitsgruppe-westerwald.de\/index.php\/wp-json\/wp\/v2\/media?parent=500"}],"curies":[{"name":"wp","href":"https:\/\/api.w.org\/{rel}","templated":true}]}}