{"id":64,"date":"2023-01-15T16:42:53","date_gmt":"2023-01-15T16:42:53","guid":{"rendered":"https:\/\/192.168.0.72\/?page_id=64"},"modified":"2025-01-12T10:31:55","modified_gmt":"2025-01-12T10:31:55","slug":"datenschutz","status":"publish","type":"page","link":"https:\/\/www.wasserarbeitsgruppe-westerwald.de\/index.php\/datenschutz\/","title":{"rendered":"Datenschutzerkl\u00e4rung"},"content":{"rendered":"\n<h5 class=\"wp-block-heading\" style=\"font-style:normal;font-weight:100\">Herzlich willkommen bei der Neufundl\u00e4nder Wasserarbeitsgruppe Westerwald e.V. (NWAG WW e.V.) &#8211; Mitglied im DNK und DVG.<\/h5>\n\n\n\n<p>Wir freuen uns, dass Sie unsere Webseiten besuchen und bedanken uns f\u00fcr Ihr Interesse an unserem Verein, unseren Angeboten, und unserer Webseite. Der Schutz Ihrer<br>Privatsph\u00e4re bei der Nutzung unserer Webseite ist uns wichtig. Daher bitten wir Sie, diese Informationen, Nutzungsbedingungen und Richtlinien, die f\u00fcr die gesamte<br>Webseite gelten, aufmerksam zur Kenntnis zu nehmen.<br><br>1. Geltung von Nutzungsbedingungen<br>2. Nutzungsm\u00f6glichkeit der Inhalte des Onlineangebotes<br>3. Verweise auf andere Internetseiten<br>4. Datenschutz<br>5. Zugangsdaten und Nutzungsberechtigungen<br>6. Urheber-, Kennzeichnungs- und Ver\u00f6ffentlichungsrechte<br>7. Facebook-Plugins<\/p>\n\n\n\n<p><strong>1. Geltung von Nutzungsbedingungen<\/strong><br>Die nachfolgenden Bedingungen regeln sowohl die Vertragsbeziehungen zur Nutzung des Internets als Informationsmedium, als auch der Online-Services. Indem Sie<br>Inhalte oder Dienste des Internetangebotes nutzen, erkl\u00e4ren Sie sich mit diesen Bedingungen einverstanden. Der Haftungsausschluss und die Nutzungsbedingungen sind<br>als Teile des Internetangebotes zu betrachten. Sofern Teile oder einzelne Formulierungen dieses Textes der geltenden Rechtslage nicht, nicht mehr oder nicht vollst\u00e4ndig<br>entsprechen sollten, bleiben die \u00fcbrigen Teile des Dokumentes in ihrem Inhalt und ihrer G\u00fcltigkeit davon unber\u00fchrt.<\/p>\n\n\n\n<p><strong>2. Nutzungsm\u00f6glichkeit der Inhalte des Onlineangebotes<\/strong><br>Die NWAG WW e.V. \u00fcbernimmt keinerlei Gew\u00e4hr f\u00fcr die Aktualit\u00e4t, Korrektheit, Vollst\u00e4ndigkeit oder Qualit\u00e4t der bereitgestellten Informationen. Haftungsanspr\u00fcche gegen die NWAG WW e.V. , welche sich auf Sch\u00e4den materieller oder ideeller Art beziehen, die durch die Nutzung oder Nichtnutzung der dargebotenen Informationen bzw. durch die Nutzung fehlerhafter und unvollst\u00e4ndiger Informationen verursacht wurden, sind grunds\u00e4tzlich ausgeschlossen, sofern seitens der NWAG WW e.V. kein<br>nachweislich vors\u00e4tzliches oder grob fahrl\u00e4ssiges Verschulden vorliegt.<br>Alle Angebote sind freibleibend und unverbindlich. Die NWAG WW e.V. beh\u00e4lt sich ausdr\u00fccklich vor, Teile der Seiten oder das gesamte Angebot ohne gesonderte<br>Ank\u00fcndigung zu ver\u00e4ndern, zu erg\u00e4nzen, zu l\u00f6schen oder die Ver\u00f6ffentlichung zeitweise oder endg\u00fcltig einzustellen.<\/p>\n\n\n\n<p><strong>3. Verweise auf andere Internetseiten<\/strong><br>Auf unseren Webseiten verweisen wir auf die Internetseiten Dritter. NWAG WW e.V. \u00fcbernimmt keine Verantwortung f\u00fcr die Inhalte der verlinkten Seiten. Mit dem<br>Bet\u00e4tigen des Verweises verlassen Sie unser Informationsangebot. F\u00fcr die Angebote Dritter k\u00f6nnen daher abweichende Regelungen gelten, insbesondere auch<br>hinsichtlich des Datenschutzes.<br>Wir erkl\u00e4ren hiermit ausdr\u00fccklich, dass zum Zeitpunkt der Linksetzung keine illegalen Inhalte auf den Seiten erkennbar waren, auf die direkt verwiesen wurde. Auf die<br>aktuelle und zuk\u00fcnftige Gestaltung, die Inhalte oder die Urheberschaft der gelinkten\/verkn\u00fcpften Informationsseiten haben wir keinerlei Einfluss. Deshalb distanzieren<br>wir uns hiermit ausdr\u00fccklich von allen Inhalten aller gelinkten \/verkn\u00fcpften Seiten, die nach der Linksetzung ver\u00e4ndert wurden. Diese Feststellung gilt f\u00fcr alle innerhalb<br>des eigenen Internetangebotes gesetzten Links und Verweise sowie f\u00fcr Fremdeintr\u00e4ge in vom Autor eingerichteten G\u00e4steb\u00fcchern, Diskussionsforen und Mailinglisten.<br>F\u00fcr illegale, fehlerhafte oder unvollst\u00e4ndige Inhalte und insbesondere f\u00fcr Sch\u00e4den, die aus der Nutzung oder Nichtnutzung solcherart dargebotener Informationen<br>entstehen, haftet allein der Anbieter der Seite, auf welche verwiesen wurde.<\/p>\n\n\n\n<p><strong>4. Datenschutz<\/strong><br><strong>4.1. Anonyme Datenerhebung<\/strong><br>Sie k\u00f6nnen unsere Online-Pr\u00e4sentation grunds\u00e4tzlich ohne Offenlegung Ihrer personenbezogenen Daten nutzen. Durch das Aufrufen unserer Website werden auf<br>unseren Servern Daten f\u00fcr Sicherungszwecke gespeichert, wie der Namen Ihres Internetserviceproviders, die Website, von der aus Sie uns besuchen, die Websites, die Sie<br>bei uns besuchen und Ihre IP-Adresse. Diese Daten w\u00fcrden m\u00f6glicherweise eine Identifizierung zulassen, allerdings findet diesbez\u00fcglich keine personenbezogene<br>Verwertung statt. Sie k\u00f6nnen zu statistischen Zwecken ausgewertet werden, wobei der einzelne Benutzer jedoch anonym bleibt.<br><br><strong>4.2. Erhebung und Verarbeitung personenbezogener Daten<\/strong><br>Personenbezogene Daten sind Informationen zu Ihrer Identit\u00e4t. Hierunter fallen z.B. Angaben wie Name, Adresse, Telefonnummer, E-Mail-Adresse. Diese werden nur<br>erhoben, wenn Sie uns diese von sich aus, zum Beispiel zur Durchf\u00fchrung eines Vertrages, einer An- oder Umfrage oder bei der Registrierung f\u00fcr personalisierte Dienste<br>mitteilen. Im Rahmen der personalisierten Dienste werden Ihre Registrierungsdaten unter der Voraussetzung Ihrer Einwilligung zum Zwecke der Vertragsabwicklung und<br>zur Wahrung berechtigter eigener Interessen im Hinblick auf die Beratung und Betreuung unserer Mitglieder und Interessenten und die bedarfsgerechte Beratung<br>erhoben, verarbeitet und genutzt. Da die Einwilligung die NWAG WW e.V. oder Vertragspartner zur Abwicklung von Dienstleistungen etc. umfasst, k\u00f6nnen Ihre Daten auch<br>an diese, ebenfalls dem Datenschutz unterliegenden, Stellen weitergegeben werden. Ihre jeweilige Einwilligung k\u00f6nnen Sie selbstverst\u00e4ndlich jederzeit mit Wirkung f\u00fcr<br>die Zukunft widerrufen.<br>Wir f\u00fchren mittels unserer Website keine Finanztransaktionen durch. Es werden daher auch keine Kreditkarten-Nummern bzw. Kreditkarten-Geheimzahlen abgefragt.<br><strong><br>4.3. Auskunftsrecht und \u00f6ffentliches Verfahrensverzeichnis<\/strong><br>Auf Wunsch erhalten Sie entsprechend dem geltenden Recht Auskunft \u00fcber die bei uns \u00fcber Ihre Person gespeicherten Daten. In unserem Verfahrensverzeichnis haben<br>wir die Angaben nach \u00a74e BDSG zusammengefasst.<br><br><strong>4.4. Cookies<\/strong><br>In einigen Bereichen der Website werden sogenannte Cookies eingesetzt, um Ihnen unsere Leistung individueller zur Verf\u00fcgung stellen zu k\u00f6nnen. Cookies sind<br>Kennungen, die ein Webserver an Ihren Computer senden kann, um ihn f\u00fcr die Dauer des Besuches zu identifizieren. Die meisten Browser sind so eingestellt, dass sie<br>Cookies automatisch akzeptieren. Sie k\u00f6nnen das Speichern von Cookies aber auch deaktivieren oder Ihren Browser so einstellen, dass er Sie \u00fcber die Platzierung von<br>Cookies informiert.<br><br><strong>4.5. Sicherheit<\/strong><br>Die NWAG WW e.V. setzten Ma\u00dfnahmen ein, um Ihre durch uns verwalteten Daten gegen Manipulation, Verlust, Zerst\u00f6rung oder unberechtigten Zugriff zu sch\u00fctzen. Wir<br>entwickeln unser Ma\u00dfnahmenpaket entsprechend der technologischen und rechtlichen Entwicklung st\u00e4ndig weiter.<br><br><strong>4.6. Datenschutzhinweis<\/strong><br>Diese Website benutzt Google Analytics, einen Webanalysedienst der Google Inc. (\u201eGoogle\u201c). Google Analytics verwendet sog. \u201eCookies\u201c, Textdateien, die auf Ihrem<br>Computer gespeichert werden und die eine Analyse der Benutzung der Website durch Sie erm\u00f6glichen. Die durch den Cookie erzeugten Informationen \u00fcber Ihre<br>Benutzung dieser Website (einschlie\u00dflich Ihrer IP-Adresse) wird an einen Server von Google in den USA \u00fcbertragen und dort gespeichert. Google wird diese<br>Informationen benutzen, um Ihre Nutzung der Website auszuwerten, um Reports \u00fcber die Websiteaktivit\u00e4ten f\u00fcr die Websitebetreiber zusammenzustellen und um<br>weitere mit der Websitenutzung und der Internetnutzung verbundene Dienstleistungen zu erbringen. Auch wird Google diese Informationen gegebenenfalls an Dritte<br>\u00fcbertragen, sofern dies gesetzlich vorgeschrieben oder soweit Dritte diese Daten im Auftrag von Google verarbeiten. Google wird in keinem Fall Ihre IP-Adresse mit<br>anderen Daten von Google in Verbindung bringen. Sie k\u00f6nnen die Installation der Cookies durch eine entsprechende Einstellung Ihrer Browser Software verhindern; wir<br>weisen Sie jedoch darauf hin, dass Sie in diesem Fall gegebenenfalls nicht s\u00e4mtliche Funktionen dieser Website vollumf\u00e4nglich nutzen k\u00f6nnen. Durch die Nutzung dieser<br>Website erkl\u00e4ren Sie sich mit der Bearbeitung der \u00fcber Sie erhobenen Daten durch Google in der zuvor beschriebenen Art und Weise und zu dem zuvor benannten<br>Zweck einverstanden.<br>Der Erhebung und Nutzung Ihrer IP-Adresse durch Google Analytics k\u00f6nnen Sie jederzeit mit Wirkung f\u00fcr die Zukunft widersprechen. N\u00e4here Informationen hierzu finden<br>Sie unter http:\/\/tools.google.com\/dlpage\/gaoptout?hl=de. Wir weisen Sie darauf hin, dass auf dieser Webseite Google Analytics um den Code \u201egat._anonymizeIp();\u201c<br>erweitert wurde, um eine anonymisierte Erfassung von IP-Adressen zu gew\u00e4hrleisten.<br>Sie k\u00f6nnen die Erfassung durch Google Analytics verhindern, indem Sie auf folgenden Link klicken. Es wird ein Opt-Out-Cookie gesetzt, der die zuk\u00fcnftige Erfassung Ihrer<br>Daten beim Besuch dieser Website verhindert: Google Analytics deaktivieren.<br><strong><br>4.7. Weitere Informationen und Kontakte<\/strong><br>Auf Anforderung teilen wir Ihnen schriftlich entsprechend dem geltenden Recht mit, ob und welche pers\u00f6nlichen Daten \u00fcber Sie bei uns gespeichert sind. Sollten trotz<br>unserer Bem\u00fchungen um Datenrichtigkeit und Aktualit\u00e4t falsche Informationen gespeichert sein, werden wir diese auf Ihre Aufforderung hin berichtigen.<br>Wenn Sie Fragen hinsichtlich der Verarbeitung Ihrer pers\u00f6nlichen Daten haben, k\u00f6nnen Sie sich direkt an unseren Pr\u00e4sidenten wenden, der auch im Falle von<br>Auskunftsersuchen, Antr\u00e4gen oder Beschwerden zur Verf\u00fcgung steht unter walter@wagww.org<\/p>\n\n\n\n<p><strong>5. Zugangsdaten und Nutzungsberechtigungen<\/strong><br>Login-Daten, andere Passw\u00f6rter und Zugangsdaten &#8211; sofern erforderlich &#8211; d\u00fcrfen aus Sicherheitsgr\u00fcnden keiner anderen Person mitgeteilt werden. Sollten Sie in den<br>Besitz fremder Daten kommen, verpflichten Sie sich, diese auf keinen Fall auf der Website der NWAG WW e.V. zu nutzen.<br>Ihre Login-Daten d\u00fcrfen Ihnen aus Sicherheitsgr\u00fcnden nicht per Telefon oder per E-Mail mitgeteilt werden. Mitglieder der NWAG WW e.V. sind nicht berechtigt, Ihnen am<br>Telefon vertrauliche Daten zu nennen. Sie werden ebenfalls aus Sicherheitsgr\u00fcnden niemals telefonisch, per Brief oder per E-Mail gebeten, Ihre Zugangsdaten<br>preiszugeben.<br>Nutzungsberechtigt zu den Online-Services sind alle Mitglieder der NWAG WW e.V., die 18 Jahre alt und voll gesch\u00e4ftsf\u00e4hig sind.<\/p>\n\n\n\n<p><strong>6. Urheber-, Kennzeichen- und Ver\u00f6ffentlichungsrechte<\/strong><br>Die NWAG WW e.V. ist bestrebt, in allen Publikationen die Urheberrechte der verwendeten Grafiken, Tondokumente, Videosequenzen und Texte zu beachten, von uns<br>selbst erstellte Grafiken, Tondokumente, Videosequenzen und Texte zu nutzen oder auf lizenzfreie Grafiken, Tondokumente, Videosequenzen und Texte zur\u00fcckzugreifen.<br>Keine der verwendeten Grafiken, Tondokumente, Videosequenzen und Texte d\u00fcrfen zur Weiterverwendung herunter geladen, gespeichert oder ver\u00e4ndert werden, wenn<br>das nicht durch eine ausdr\u00fcckliche Zustimmung der NWAG WW e.V. gestattet wird.<br>Alle innerhalb des Internetangebotes genannten und ggf. durch Dritte gesch\u00fctzten Marken- und Warenzeichen unterliegen uneingeschr\u00e4nkt den Bestimmungen des<br>jeweils g\u00fcltigen Kennzeichenrechts und den Besitzrechten der jeweiligen eingetragenen Eigent\u00fcmer. Allein aufgrund der blo\u00dfen Nennung ist nicht der Schluss zu ziehen,<br>dass Markenzeichen nicht durch Rechte Dritter gesch\u00fctzt sind.<br>Das Copyright f\u00fcr ver\u00f6ffentlichte, selbst erstellten Objekten bleibt allein beider NWAG WW e.V. Jede Vervielf\u00e4ltigung, Verbreitung, Speicherung, \u00dcbermittlung, Sendung<br>und Wieder- bzw. Weitergabe der Inhalte ist ohne schriftliche Genehmigung ausdr\u00fccklich untersagt. Wenn Sie eine Genehmigung zur Nutzung von einzelnen<br>Informationen der Website erhalten wollen, wenden Sie sich bitte an die NWAG WW e.V.<\/p>\n\n\n\n<p><strong>7. Facebook-Plugins (Like-Button)<\/strong><br>Auf unseren Seiten sind Plugins des sozialen Netzwerks Facebook, Anbieter Facebook Inc., 1 Hacker Way, Menlo Park, California 94025, USA, integriert. Die Facebook-<br>Plugins erkennen Sie an dem Facebook-Logo oder dem &#8220;Like-Button&#8221; (&#8220;Gef\u00e4llt mir&#8221;) auf unserer Seite. Eine \u00dcbersicht \u00fcber die Facebook-Plugins finden Sie hier: https:\/\/developers.facebook.com\/docs\/plugins\/.<br>Wenn Sie unsere Seiten besuchen, wird \u00fcber das Plugin eine direkte Verbindung zwischen Ihrem Browser und dem Facebook-Server hergestellt. Facebook erh\u00e4lt dadurch<br>die Information, dass Sie mit Ihrer IP-Adresse unsere Seite besucht haben. Wenn Sie den Facebook &#8220;Like-Button&#8221; anklicken w\u00e4hrend Sie in Ihrem Facebook-Account<br>eingeloggt sind, k\u00f6nnen Sie die Inhalte unserer Seiten auf Ihrem<br>Facebook-Profil verlinken. Dadurch kann Facebook den Besuch unserer Seiten Ihrem Benutzerkonto zuordnen. Wir weisen darauf hin, dass wir als Anbieter der Seiten<br>keine Kenntnis vom Inhalt der \u00fcbermittelten Daten sowie deren Nutzung durch Facebook erhalten. Weitere Informationen hierzu finden Sie in der Datenschutzerkl\u00e4rung<br>von Facebook unter https:\/\/de-de.facebook.com\/policy.php.<br>Wenn Sie nicht w\u00fcnschen, dass Facebook den Besuch unserer Seiten Ihrem Facebook-Nutzerkonto zuordnen kann, loggen Sie sich bitte aus Ihrem Facebook-<br>Benutzerkonto aus.<\/p>\n","protected":false},"excerpt":{"rendered":"<p>Herzlich willkommen bei der Neufundl\u00e4nder Wasserarbeitsgruppe Westerwald e.V. (NWAG WW e.V.) &#8211; Mitglied im DNK und DVG. Wir freuen uns, dass Sie unsere Webseiten besuchen und bedanken uns f\u00fcr Ihr Interesse an unserem Verein, unseren Angeboten, und unserer Webseite. Der Schutz IhrerPrivatsph\u00e4re bei der Nutzung unserer Webseite ist uns wichtig. Daher bitten wir Sie, diese [&hellip;]<\/p>\n","protected":false},"author":1,"featured_media":0,"parent":0,"menu_order":0,"comment_status":"closed","ping_status":"closed","template":"","meta":{"site-sidebar-layout":"default","site-content-layout":"","ast-site-content-layout":"default","site-content-style":"default","site-sidebar-style":"default","ast-global-header-display":"","ast-banner-title-visibility":"","ast-main-header-display":"","ast-hfb-above-header-display":"","ast-hfb-below-header-display":"","ast-hfb-mobile-header-display":"","site-post-title":"","ast-breadcrumbs-content":"","ast-featured-img":"","footer-sml-layout":"","ast-disable-related-posts":"","theme-transparent-header-meta":"","adv-header-id-meta":"","stick-header-meta":"","header-above-stick-meta":"","header-main-stick-meta":"","header-below-stick-meta":"","astra-migrate-meta-layouts":"default","ast-page-background-enabled":"default","ast-page-background-meta":{"desktop":{"background-color":"var(--ast-global-color-4)","background-image":"","background-repeat":"repeat","background-position":"center center","background-size":"auto","background-attachment":"scroll","background-type":"","background-media":"","overlay-type":"","overlay-color":"","overlay-opacity":"","overlay-gradient":""},"tablet":{"background-color":"","background-image":"","background-repeat":"repeat","background-position":"center center","background-size":"auto","background-attachment":"scroll","background-type":"","background-media":"","overlay-type":"","overlay-color":"","overlay-opacity":"","overlay-gradient":""},"mobile":{"background-color":"","background-image":"","background-repeat":"repeat","background-position":"center center","background-size":"auto","background-attachment":"scroll","background-type":"","background-media":"","overlay-type":"","overlay-color":"","overlay-opacity":"","overlay-gradient":""}},"ast-content-background-meta":{"desktop":{"background-color":"var(--ast-global-color-5)","background-image":"","background-repeat":"repeat","background-position":"center center","background-size":"auto","background-attachment":"scroll","background-type":"","background-media":"","overlay-type":"","overlay-color":"","overlay-opacity":"","overlay-gradient":""},"tablet":{"background-color":"var(--ast-global-color-5)","background-image":"","background-repeat":"repeat","background-position":"center center","background-size":"auto","background-attachment":"scroll","background-type":"","background-media":"","overlay-type":"","overlay-color":"","overlay-opacity":"","overlay-gradient":""},"mobile":{"background-color":"var(--ast-global-color-5)","background-image":"","background-repeat":"repeat","background-position":"center center","background-size":"auto","background-attachment":"scroll","background-type":"","background-media":"","overlay-type":"","overlay-color":"","overlay-opacity":"","overlay-gradient":""}},"_themeisle_gutenberg_block_has_review":false,"footnotes":""},"class_list":["post-64","page","type-page","status-publish","hentry"],"_links":{"self":[{"href":"https:\/\/www.wasserarbeitsgruppe-westerwald.de\/index.php\/wp-json\/wp\/v2\/pages\/64","targetHints":{"allow":["GET"]}}],"collection":[{"href":"https:\/\/www.wasserarbeitsgruppe-westerwald.de\/index.php\/wp-json\/wp\/v2\/pages"}],"about":[{"href":"https:\/\/www.wasserarbeitsgruppe-westerwald.de\/index.php\/wp-json\/wp\/v2\/types\/page"}],"author":[{"embeddable":true,"href":"https:\/\/www.wasserarbeitsgruppe-westerwald.de\/index.php\/wp-json\/wp\/v2\/users\/1"}],"replies":[{"embeddable":true,"href":"https:\/\/www.wasserarbeitsgruppe-westerwald.de\/index.php\/wp-json\/wp\/v2\/comments?post=64"}],"version-history":[{"count":5,"href":"https:\/\/www.wasserarbeitsgruppe-westerwald.de\/index.php\/wp-json\/wp\/v2\/pages\/64\/revisions"}],"predecessor-version":[{"id":373,"href":"https:\/\/www.wasserarbeitsgruppe-westerwald.de\/index.php\/wp-json\/wp\/v2\/pages\/64\/revisions\/373"}],"wp:attachment":[{"href":"https:\/\/www.wasserarbeitsgruppe-westerwald.de\/index.php\/wp-json\/wp\/v2\/media?parent=64"}],"curies":[{"name":"wp","href":"https:\/\/api.w.org\/{rel}","templated":true}]}}